{"id":5245,"date":"2022-09-29T16:28:20","date_gmt":"2022-09-29T14:28:20","guid":{"rendered":"https:\/\/www.infopro-digital-media.fr\/page-d-exemple\/"},"modified":"2024-07-08T10:44:46","modified_gmt":"2024-07-08T08:44:46","slug":"infopro-digital-media-accueil","status":"publish","type":"page","link":"https:\/\/www.infopro-digital-media.fr\/en\/","title":{"rendered":"The leading media group for B2B audiences"},"content":{"rendered":"\n<p>Ceci est une page d\u2019exemple. C\u2019est diff\u00e9rent d\u2019un article de blog parce qu\u2019elle restera au m\u00eame endroit et appara\u00eetra dans la navigation de votre site (dans la plupart des th\u00e8mes). La plupart des gens commencent par une page \u00ab&nbsp;\u00c0 propos&nbsp;\u00bb qui les pr\u00e9sente aux personnes visitant le site. Cela pourrait ressembler \u00e0 quelque chose comme cela&nbsp;:<\/p>\n\n\n\n<blockquote class=\"wp-block-quote\"><p>Bonjour&nbsp;! Je suis un m\u00e9canicien qui aspire \u00e0 devenir acteur, et voici mon site. J\u2019habite \u00e0 Bordeaux, j\u2019ai un super chien baptis\u00e9 Russell, et j\u2019aime la vodka (ainsi qu\u2019\u00eatre surpris par la pluie soudaine lors de longues balades sur la plage au coucher du soleil).<\/p><\/blockquote>\n\n\n\n<p>\u2026ou quelque chose comme cela&nbsp;:<\/p>\n\n\n\n<blockquote class=\"wp-block-quote\"><p>La soci\u00e9t\u00e9 123 Machin Truc a \u00e9t\u00e9 cr\u00e9\u00e9e en 1971, et n\u2019a cess\u00e9 de proposer au public des machins-trucs de qualit\u00e9 depuis lors. Situ\u00e9e \u00e0 Saint-Remy-en-Bouzemont-Saint-Genest-et-Isson, 123 Machin Truc emploie 2 000 personnes, et fabrique toutes sortes de bidules supers pour la communaut\u00e9 bouzemontoise.<\/p><\/blockquote>\n\n\n\n<p>En tant que nouvel utilisateur ou utilisatrice de WordPress, vous devriez vous rendre sur <a href=\"http:\/\/localhost:3000\/wp-admin\/\">votre tableau de bord<\/a> pour supprimer cette page et cr\u00e9er de nouvelles pages pour votre contenu. Amusez-vous bien&nbsp;!<\/p>\n","protected":false},"excerpt":{"rendered":"<p>Ceci est une page d\u2019exemple. C\u2019est diff\u00e9rent d\u2019un article de blog parce qu\u2019elle restera au [&hellip;]<\/p>\n","protected":false},"author":1,"featured_media":0,"parent":0,"menu_order":16,"comment_status":"closed","ping_status":"closed","template":"","meta":{"inline_featured_image":false,"footnotes":""},"acf":[],"yoast_head":"<!-- This site is optimized with the Yoast SEO Premium plugin v19.5 (Yoast SEO v19.10) - https:\/\/yoast.com\/wordpress\/plugins\/seo\/ -->\n<title>The leading media group for B2B audiences - Infopro Digital Media<\/title>\n<meta name=\"description\" content=\"Discover Infopro Digital Media, the leading reference in B2B marketing. Stay updated on the latest events, news, trends, and more.\" \/>\n<meta name=\"robots\" content=\"index, follow, max-snippet:-1, max-image-preview:large, max-video-preview:-1\" \/>\n<link rel=\"canonical\" href=\"https:\/\/www.infopro-digital-media.fr\/en\/\" \/>\n<meta property=\"og:locale\" content=\"en_US\" \/>\n<meta property=\"og:type\" content=\"article\" \/>\n<meta property=\"og:title\" content=\"The leading media group for B2B audiences\" \/>\n<meta property=\"og:description\" content=\"Discover Infopro Digital Media, the leading reference in B2B marketing. Stay updated on the latest events, news, trends, and more.\" \/>\n<meta property=\"og:url\" content=\"https:\/\/www.infopro-digital-media.fr\/en\/\" \/>\n<meta property=\"og:site_name\" content=\"Infopro Digital Media\" \/>\n<meta property=\"article:publisher\" content=\"https:\/\/fr-fr.facebook.com\/infoprodigital\/\" \/>\n<meta property=\"article:modified_time\" content=\"2024-07-08T08:44:46+00:00\" \/>\n<meta name=\"twitter:card\" content=\"summary_large_image\" \/>\n<script type=\"application\/ld+json\" class=\"yoast-schema-graph\">{\"@context\":\"https:\/\/schema.org\",\"@graph\":[{\"@type\":\"WebPage\",\"@id\":\"https:\/\/www.infopro-digital-media.fr\/en\/\",\"url\":\"https:\/\/www.infopro-digital-media.fr\/en\/\",\"name\":\"The leading media group for B2B audiences - Infopro Digital Media\",\"isPartOf\":{\"@id\":\"https:\/\/www.infopro-digital-media.fr\/en\/#website\"},\"datePublished\":\"2022-09-29T14:28:20+00:00\",\"dateModified\":\"2024-07-08T08:44:46+00:00\",\"description\":\"Discover Infopro Digital Media, the leading reference in B2B marketing. Stay updated on the latest events, news, trends, and more.\",\"breadcrumb\":{\"@id\":\"https:\/\/www.infopro-digital-media.fr\/en\/#breadcrumb\"},\"inLanguage\":\"en-US\",\"potentialAction\":[{\"@type\":\"ReadAction\",\"target\":[\"https:\/\/www.infopro-digital-media.fr\/en\/\"]}]},{\"@type\":\"BreadcrumbList\",\"@id\":\"https:\/\/www.infopro-digital-media.fr\/en\/#breadcrumb\",\"itemListElement\":[{\"@type\":\"ListItem\",\"position\":1,\"name\":\"Home\",\"item\":\"https:\/\/www.infopro-digital-media.fr\/en\/\"},{\"@type\":\"ListItem\",\"position\":2,\"name\":\"The leading media group for B2B audiences\"}]},{\"@type\":\"WebSite\",\"@id\":\"https:\/\/www.infopro-digital-media.fr\/en\/#website\",\"url\":\"https:\/\/www.infopro-digital-media.fr\/en\/\",\"name\":\"Infopro Digital Media\",\"description\":\"The leading French media brand to boost your image\",\"potentialAction\":[{\"@type\":\"SearchAction\",\"target\":{\"@type\":\"EntryPoint\",\"urlTemplate\":\"https:\/\/www.infopro-digital-media.fr\/en\/?s={search_term_string}\"},\"query-input\":\"required name=search_term_string\"}],\"inLanguage\":\"en-US\"}]}<\/script>\n<!-- \/ Yoast SEO Premium plugin. -->","yoast_head_json":{"title":"The leading media group for B2B audiences - Infopro Digital Media","description":"Discover Infopro Digital Media, the leading reference in B2B marketing. Stay updated on the latest events, news, trends, and more.","robots":{"index":"index","follow":"follow","max-snippet":"max-snippet:-1","max-image-preview":"max-image-preview:large","max-video-preview":"max-video-preview:-1"},"canonical":"https:\/\/www.infopro-digital-media.fr\/en\/","og_locale":"en_US","og_type":"article","og_title":"The leading media group for B2B audiences","og_description":"Discover Infopro Digital Media, the leading reference in B2B marketing. Stay updated on the latest events, news, trends, and more.","og_url":"https:\/\/www.infopro-digital-media.fr\/en\/","og_site_name":"Infopro Digital Media","article_publisher":"https:\/\/fr-fr.facebook.com\/infoprodigital\/","article_modified_time":"2024-07-08T08:44:46+00:00","twitter_card":"summary_large_image","schema":{"@context":"https:\/\/schema.org","@graph":[{"@type":"WebPage","@id":"https:\/\/www.infopro-digital-media.fr\/en\/","url":"https:\/\/www.infopro-digital-media.fr\/en\/","name":"The leading media group for B2B audiences - Infopro Digital Media","isPartOf":{"@id":"https:\/\/www.infopro-digital-media.fr\/en\/#website"},"datePublished":"2022-09-29T14:28:20+00:00","dateModified":"2024-07-08T08:44:46+00:00","description":"Discover Infopro Digital Media, the leading reference in B2B marketing. Stay updated on the latest events, news, trends, and more.","breadcrumb":{"@id":"https:\/\/www.infopro-digital-media.fr\/en\/#breadcrumb"},"inLanguage":"en-US","potentialAction":[{"@type":"ReadAction","target":["https:\/\/www.infopro-digital-media.fr\/en\/"]}]},{"@type":"BreadcrumbList","@id":"https:\/\/www.infopro-digital-media.fr\/en\/#breadcrumb","itemListElement":[{"@type":"ListItem","position":1,"name":"Home","item":"https:\/\/www.infopro-digital-media.fr\/en\/"},{"@type":"ListItem","position":2,"name":"The leading media group for B2B audiences"}]},{"@type":"WebSite","@id":"https:\/\/www.infopro-digital-media.fr\/en\/#website","url":"https:\/\/www.infopro-digital-media.fr\/en\/","name":"Infopro Digital Media","description":"The leading French media brand to boost your image","potentialAction":[{"@type":"SearchAction","target":{"@type":"EntryPoint","urlTemplate":"https:\/\/www.infopro-digital-media.fr\/en\/?s={search_term_string}"},"query-input":"required name=search_term_string"}],"inLanguage":"en-US"}]}},"_links":{"self":[{"href":"https:\/\/www.infopro-digital-media.fr\/en\/wp-json\/wp\/v2\/pages\/5245"}],"collection":[{"href":"https:\/\/www.infopro-digital-media.fr\/en\/wp-json\/wp\/v2\/pages"}],"about":[{"href":"https:\/\/www.infopro-digital-media.fr\/en\/wp-json\/wp\/v2\/types\/page"}],"author":[{"embeddable":true,"href":"https:\/\/www.infopro-digital-media.fr\/en\/wp-json\/wp\/v2\/users\/1"}],"replies":[{"embeddable":true,"href":"https:\/\/www.infopro-digital-media.fr\/en\/wp-json\/wp\/v2\/comments?post=5245"}],"version-history":[{"count":8,"href":"https:\/\/www.infopro-digital-media.fr\/en\/wp-json\/wp\/v2\/pages\/5245\/revisions"}],"predecessor-version":[{"id":12446,"href":"https:\/\/www.infopro-digital-media.fr\/en\/wp-json\/wp\/v2\/pages\/5245\/revisions\/12446"}],"wp:attachment":[{"href":"https:\/\/www.infopro-digital-media.fr\/en\/wp-json\/wp\/v2\/media?parent=5245"}],"curies":[{"name":"wp","href":"https:\/\/api.w.org\/{rel}","templated":true}]}}